{"id":12,"date":"2025-09-03T07:13:06","date_gmt":"2025-09-03T07:13:06","guid":{"rendered":"https:\/\/next26722.elev.nextkbh.dk\/?page_id=12"},"modified":"2025-09-03T10:05:36","modified_gmt":"2025-09-03T10:05:36","slug":"om-mig","status":"publish","type":"page","link":"https:\/\/next26722.elev.nextkbh.dk\/?page_id=12","title":{"rendered":"Om mig"},"content":{"rendered":"\n<div class=\"wp-block-columns is-layout-flex wp-container-core-columns-is-layout-28f84493 wp-block-columns-is-layout-flex\">\n<div class=\"wp-block-column is-layout-flow wp-block-column-is-layout-flow\" style=\"flex-basis:33.33%\">\n<div style=\"height:100px\" aria-hidden=\"true\" class=\"wp-block-spacer\"><\/div>\n\n\n\n<p class=\"has-secondary-color has-text-color has-link-color wp-elements-d6108bc7a8b7eb11f5635f3f798ffccb\">Mit navn er Pernille Sivert Jaques, jeg er 24 \u00e5r og arbejder hos eventbureauet <strong>OnDisplay<\/strong>. Her besk\u00e6ftiger jeg mig prim\u00e6rt med trykte opgaver og POS-materiale til store events, men jeg kan ogs\u00e5 varetage digitale videoproduktioner, n\u00e5r der er behov for det. Jeg trives i krydsfeltet mellem det kreative og det tekniske og nyder at udvikle l\u00f8sninger, der g\u00f8r events til unikke oplevelser.<\/p>\n\n\n\n<p class=\"has-secondary-color has-text-color has-link-color wp-elements-fa9cc2b3f517ed70135fa4ba0db04687\">I min fritid dyrker jeg pole-fitness i Gentofte, en tr\u00e6ningsform der kr\u00e6ver b\u00e5de styrke, disciplin og kreativitet \u2013 kvaliteter jeg ogs\u00e5 tager med mig ind i mit arbejde. Jeg bor sammen med min kat Misse og min k\u00e6reste Lisa, som begge er en stor del af mit liv uden for arbejdet.<\/p>\n<\/div>\n\n\n\n<div class=\"wp-block-column is-layout-flow wp-block-column-is-layout-flow\" style=\"flex-basis:66.66%\">\n<figure class=\"wp-block-image size-large\"><img loading=\"lazy\" decoding=\"async\" width=\"683\" height=\"1024\" src=\"https:\/\/next26722.elev.nextkbh.dk\/wp-content\/uploads\/2025\/09\/pernille-portraet-683x1024.png\" alt=\"\" class=\"wp-image-29\" srcset=\"https:\/\/next26722.elev.nextkbh.dk\/wp-content\/uploads\/2025\/09\/pernille-portraet-683x1024.png 683w, https:\/\/next26722.elev.nextkbh.dk\/wp-content\/uploads\/2025\/09\/pernille-portraet-200x300.png 200w, https:\/\/next26722.elev.nextkbh.dk\/wp-content\/uploads\/2025\/09\/pernille-portraet-768x1152.png 768w, https:\/\/next26722.elev.nextkbh.dk\/wp-content\/uploads\/2025\/09\/pernille-portraet-1024x1536.png 1024w, https:\/\/next26722.elev.nextkbh.dk\/wp-content\/uploads\/2025\/09\/pernille-portraet.png 1280w\" sizes=\"auto, (max-width: 683px) 100vw, 683px\" \/><\/figure>\n<\/div>\n<\/div>\n","protected":false},"excerpt":{"rendered":"<p>Mit navn er Pernille Sivert Jaques, jeg er 24 \u00e5r og arbejder hos eventbureauet OnDisplay. Her besk\u00e6ftiger jeg mig prim\u00e6rt med trykte opgaver og POS-materiale til store events, men jeg kan ogs\u00e5 varetage digitale videoproduktioner, n\u00e5r der er behov for det. Jeg trives i krydsfeltet mellem det kreative og det tekniske og nyder at udvikle [&hellip;]<\/p>\n","protected":false},"author":1,"featured_media":29,"parent":0,"menu_order":0,"comment_status":"closed","ping_status":"closed","template":"","meta":{"footnotes":""},"class_list":["post-12","page","type-page","status-publish","has-post-thumbnail","hentry"],"_links":{"self":[{"href":"https:\/\/next26722.elev.nextkbh.dk\/index.php?rest_route=\/wp\/v2\/pages\/12","targetHints":{"allow":["GET"]}}],"collection":[{"href":"https:\/\/next26722.elev.nextkbh.dk\/index.php?rest_route=\/wp\/v2\/pages"}],"about":[{"href":"https:\/\/next26722.elev.nextkbh.dk\/index.php?rest_route=\/wp\/v2\/types\/page"}],"author":[{"embeddable":true,"href":"https:\/\/next26722.elev.nextkbh.dk\/index.php?rest_route=\/wp\/v2\/users\/1"}],"replies":[{"embeddable":true,"href":"https:\/\/next26722.elev.nextkbh.dk\/index.php?rest_route=%2Fwp%2Fv2%2Fcomments&post=12"}],"version-history":[{"count":5,"href":"https:\/\/next26722.elev.nextkbh.dk\/index.php?rest_route=\/wp\/v2\/pages\/12\/revisions"}],"predecessor-version":[{"id":81,"href":"https:\/\/next26722.elev.nextkbh.dk\/index.php?rest_route=\/wp\/v2\/pages\/12\/revisions\/81"}],"wp:featuredmedia":[{"embeddable":true,"href":"https:\/\/next26722.elev.nextkbh.dk\/index.php?rest_route=\/wp\/v2\/media\/29"}],"wp:attachment":[{"href":"https:\/\/next26722.elev.nextkbh.dk\/index.php?rest_route=%2Fwp%2Fv2%2Fmedia&parent=12"}],"curies":[{"name":"wp","href":"https:\/\/api.w.org\/{rel}","templated":true}]}}